{"id":11343,"date":"2025-06-12T11:33:50","date_gmt":"2025-06-12T09:33:50","guid":{"rendered":"https:\/\/cms.zdv.uni-mainz.de\/fb02-methoden-politik\/?page_id=11343"},"modified":"2025-08-07T13:18:22","modified_gmt":"2025-08-07T11:18:22","slug":"fabio-best-m-a","status":"publish","type":"page","link":"https:\/\/methoden.politik.uni-mainz.de\/en\/start-methods\/fabio-best-m-a\/","title":{"rendered":"Fabio Best, M.A."},"content":{"rendered":"<jgu-base-pageheader react-props=\"{\n    &quot;items&quot;: [\n        {\n            &quot;box&quot;: {\n                &quot;index&quot;: &quot;&quot;,\n                &quot;title&quot;: &quot;Fabio Best, M.A.&quot;,\n                &quot;link&quot;: {\n                    &quot;url&quot;: &quot;&quot;,\n                    &quot;title&quot;: &quot;learn more&quot;\n                }\n            },\n            &quot;color&quot;: &quot;default&quot;,\n            &quot;image&quot;: {\n                &quot;url&quot;: &quot;&quot;\n            },\n            &quot;imgCredit&quot;: &quot;&quot;,\n            &quot;useVideo&quot;: false,\n            &quot;video&quot;: false\n        }\n    ],\n    &quot;type&quot;: &quot;border&quot;,\n    &quot;useBreadcrumb&quot;: true,\n    &quot;align&quot;: &quot;full&quot;,\n    &quot;quicklinks&quot;: {\n        &quot;show&quot;: false,\n        &quot;selects&quot;: []\n    }\n}\">\n<\/jgu-base-pageheader>\n<div class=\"wp-block-columns is-layout-flex wp-container-core-columns-is-layout-9d6595d7 wp-block-columns-is-layout-flex\">\n<div class=\"wp-block-column is-layout-flow wp-block-column-is-layout-flow\"><jgu-base-idm-person react-props=\"{\n    &quot;id&quot;: &quot;3478&quot;,\n    &quot;link&quot;: &quot;false&quot;,\n    &quot;organizationId&quot;: 618,\n    &quot;roleId&quot;: 16,\n    &quot;name&quot;: &quot;&quot;,\n    &quot;skipDetails&quot;: [],\n    &quot;align&quot;: &quot;left&quot;,\n    &quot;color&quot;: &quot;default&quot;,\n    &quot;mode&quot;: &quot;edit&quot;,\n    &quot;linkType&quot;: &quot;false&quot;\n}\">\n        \n<\/jgu-base-idm-person>\n<\/div>\n<\/div>\n<jgu-base-alertbox react-props=\"{\n    &quot;headline&quot;: &quot;Research Interests&quot;,\n    &quot;headlineColor&quot;: &quot;dark&quot;,\n    &quot;subline&quot;: &quot;&quot;,\n    &quot;children&quot;: &quot;&quot;,\n    &quot;icon&quot;: &quot;&quot;,\n    &quot;iconOverHeadline&quot;: false,\n    &quot;isPreview&quot;: false\n}\">\n    \n<jgu-base-listitem react-props=\"{\n    &quot;title&quot;: &quot;Voting Behavior and Political Attitudes&quot;,\n    &quot;uuid&quot;: &quot;1749720959086&quot;,\n    &quot;align&quot;: &quot;wide&quot;,\n    &quot;showInActions&quot;: false,\n    &quot;allowNesting&quot;: true,\n    &quot;icon&quot;: &quot;&quot;,\n    &quot;showExpandableContent&quot;: false,\n    &quot;expandableContent&quot;: &quot;&quot;,\n    &quot;link&quot;: {\n        &quot;url&quot;: &quot;&quot;\n    }\n}\">\n    \n<\/jgu-base-listitem>\n\n<jgu-base-listitem react-props=\"{\n    &quot;title&quot;: &quot;Quantitative Methods &quot;,\n    &quot;uuid&quot;: &quot;1749720984503&quot;,\n    &quot;align&quot;: &quot;wide&quot;,\n    &quot;showInActions&quot;: false,\n    &quot;allowNesting&quot;: true,\n    &quot;icon&quot;: &quot;&quot;,\n    &quot;showExpandableContent&quot;: false,\n    &quot;expandableContent&quot;: &quot;&quot;,\n    &quot;link&quot;: {\n        &quot;url&quot;: &quot;&quot;\n    }\n}\">\n    \n<\/jgu-base-listitem>\n\n<jgu-base-listitem react-props=\"{\n    &quot;title&quot;: &quot;Latin America (esp. Brazil) &quot;,\n    &quot;uuid&quot;: &quot;1749720997866&quot;,\n    &quot;align&quot;: &quot;wide&quot;,\n    &quot;showInActions&quot;: false,\n    &quot;allowNesting&quot;: true,\n    &quot;icon&quot;: &quot;&quot;,\n    &quot;showExpandableContent&quot;: false,\n    &quot;expandableContent&quot;: &quot;&quot;,\n    &quot;link&quot;: {\n        &quot;url&quot;: &quot;&quot;\n    }\n}\">\n    \n<\/jgu-base-listitem>\n\n<jgu-base-listitem react-props=\"{\n    &quot;title&quot;: &quot;Cultural Diversity&quot;,\n    &quot;uuid&quot;: &quot;1749721014359&quot;,\n    &quot;align&quot;: &quot;wide&quot;,\n    &quot;showInActions&quot;: false,\n    &quot;allowNesting&quot;: true,\n    &quot;icon&quot;: &quot;&quot;,\n    &quot;showExpandableContent&quot;: false,\n    &quot;expandableContent&quot;: &quot;&quot;,\n    &quot;link&quot;: {\n        &quot;url&quot;: &quot;&quot;\n    }\n}\">\n    \n<\/jgu-base-listitem>\n\n<\/jgu-base-alertbox><jgu-base-alertbox react-props=\"{\n    &quot;headline&quot;: &quot;Curriculum Vitae&quot;,\n    &quot;headlineColor&quot;: &quot;dark&quot;,\n    &quot;subline&quot;: &quot;&quot;,\n    &quot;children&quot;: &quot;&quot;,\n    &quot;icon&quot;: &quot;&quot;,\n    &quot;iconOverHeadline&quot;: false,\n    &quot;isPreview&quot;: false\n}\">\n    \n<jgu-base-listitem react-props=\"{\n    &quot;title&quot;: &quot;since 2019: Research Associate, Empirical Political Research Unit, Department of Political Science, Johannes Gutenberg University Mainz&quot;,\n    &quot;uuid&quot;: &quot;1749720959086&quot;,\n    &quot;align&quot;: &quot;wide&quot;,\n    &quot;showInActions&quot;: false,\n    &quot;allowNesting&quot;: true,\n    &quot;icon&quot;: &quot;&quot;,\n    &quot;showExpandableContent&quot;: false,\n    &quot;expandableContent&quot;: &quot;&quot;,\n    &quot;link&quot;: {\n        &quot;url&quot;: &quot;&quot;\n    }\n}\">\n    \n<\/jgu-base-listitem>\n\n<jgu-base-listitem react-props=\"{\n    &quot;title&quot;: &quot;2017 \\u2013 2019: Research Assistant, Federal Institute for Population Research, Wiesbaden&quot;,\n    &quot;uuid&quot;: &quot;1749720984503&quot;,\n    &quot;align&quot;: &quot;wide&quot;,\n    &quot;showInActions&quot;: false,\n    &quot;allowNesting&quot;: true,\n    &quot;icon&quot;: &quot;&quot;,\n    &quot;showExpandableContent&quot;: false,\n    &quot;expandableContent&quot;: &quot;&quot;,\n    &quot;link&quot;: {\n        &quot;url&quot;: &quot;&quot;\n    }\n}\">\n    \n<\/jgu-base-listitem>\n\n<jgu-base-listitem react-props=\"{\n    &quot;title&quot;: &quot;2016 \\u2013 2019: M.A. in Empirical Democracy Research, Johannes Gutenberg University Mainz&quot;,\n    &quot;uuid&quot;: &quot;1749720997866&quot;,\n    &quot;align&quot;: &quot;wide&quot;,\n    &quot;showInActions&quot;: false,\n    &quot;allowNesting&quot;: true,\n    &quot;icon&quot;: &quot;&quot;,\n    &quot;showExpandableContent&quot;: false,\n    &quot;expandableContent&quot;: &quot;&quot;,\n    &quot;link&quot;: {\n        &quot;url&quot;: &quot;&quot;\n    }\n}\">\n    \n<\/jgu-base-listitem>\n\n<jgu-base-listitem react-props=\"{\n    &quot;title&quot;: &quot;2014 \\u2013 2019: Research Assistant, Empirical Political Research Unit, Department of Political Science, Johannes Gutenberg University Mainz &quot;,\n    &quot;uuid&quot;: &quot;1749721014359&quot;,\n    &quot;align&quot;: &quot;wide&quot;,\n    &quot;showInActions&quot;: false,\n    &quot;allowNesting&quot;: true,\n    &quot;icon&quot;: &quot;&quot;,\n    &quot;showExpandableContent&quot;: false,\n    &quot;expandableContent&quot;: &quot;&quot;,\n    &quot;link&quot;: {\n        &quot;url&quot;: &quot;&quot;\n    }\n}\">\n    \n<\/jgu-base-listitem>\n\n<jgu-base-listitem react-props=\"{\n    &quot;title&quot;: &quot;2012 \\u2013 2016: B.A. in Political Science , Johannes Gutenberg University Mainz&quot;,\n    &quot;uuid&quot;: &quot;1749721039216&quot;,\n    &quot;align&quot;: &quot;wide&quot;,\n    &quot;showInActions&quot;: false,\n    &quot;allowNesting&quot;: true,\n    &quot;icon&quot;: &quot;&quot;,\n    &quot;showExpandableContent&quot;: false,\n    &quot;expandableContent&quot;: &quot;&quot;,\n    &quot;link&quot;: {\n        &quot;url&quot;: &quot;&quot;\n    }\n}\">\n    \n<\/jgu-base-listitem>\n\n<jgu-base-listitem react-props=\"{\n    &quot;title&quot;: &quot;2011 Abitur at the Gymnasium zu St. Katharinen, Oppenheim&quot;,\n    &quot;uuid&quot;: &quot;1749721050725&quot;,\n    &quot;align&quot;: &quot;wide&quot;,\n    &quot;showInActions&quot;: false,\n    &quot;allowNesting&quot;: true,\n    &quot;icon&quot;: &quot;&quot;,\n    &quot;showExpandableContent&quot;: false,\n    &quot;expandableContent&quot;: &quot;&quot;,\n    &quot;link&quot;: {\n        &quot;url&quot;: &quot;&quot;\n    }\n}\">\n    \n<\/jgu-base-listitem>\n\n<\/jgu-base-alertbox>\n<div style=\"height:90px\" aria-hidden=\"true\" class=\"wp-block-spacer\"><\/div>\n<jgu-base-heading react-props=\"{\n    &quot;tags&quot;: {\n        &quot;htmlTag&quot;: &quot;h2&quot;,\n        &quot;classTag&quot;: &quot;&quot;,\n        &quot;tag&quot;: &quot;h2&quot;\n    },\n    &quot;heading&quot;: &quot;Publications&quot;,\n    &quot;textAlign&quot;: &quot;left&quot;,\n    &quot;anchor&quot;: &quot;&quot;,\n    &quot;index&quot;: &quot;&quot;,\n    &quot;color&quot;: &quot;red&quot;\n}\"><\/jgu-base-heading>\n<div>\n\n\t\n\t<div class=\"csl-bib-body\">\n  <div class=\"csl-entry\">Welz, R., Huber, S., Best, F., Reinermann, H. (2025). Conflict or cooperation? How opposition party behaviour affects voters\u2019 party evaluations. <i>POLITICAL RESEARCH EXCHANGE<\/i>, <i>7<\/i>(1). <a href=\"https:\/\/doi.org\/10.1080\/2474736X.2025.2521284\" title=\"Bibliographical information\">DOI<\/a> <a href=\"https:\/\/www.webofscience.com\/api\/gateway?GWVersion=2&#038;SrcApp=fis-test-1&#038;SrcAuth=WosAPI&#038;KeyUT=WOS:001513791600001&#038;DestLinkType=FullRecord&#038;DestApp=WOS_CPL\" title=\"Bibliographical information\" >Author\/Publisher URL<\/a><\/div>\n  <div class=\"csl-entry\">Zajak, S., Meuth, A.-M., Best, F. (2025). The Dynamics of (De-)Normalization of the Far Right: Perceptions in the German Population. <i>International Journal of Politics, Culture, and Society<\/i>. Published online. <a href=\"https:\/\/doi.org\/10.1007\/s10767-025-09532-6\" title=\"Bibliographical information\">DOI<\/a><\/div>\n  <div class=\"csl-entry\">Best, F., Zajak, S. (2025). Diskriminierung als Schwelle zum zivilgesellschaftlichen Engagement: Eine empirische Analyse. In <i>Umbruch, Druck, Transformation?<\/i> (pp. 47-62). Nomos Verlagsgesellschaft mbH &amp; Co. KG. <a href=\"https:\/\/doi.org\/10.5771\/9783748960287-47\" title=\"Bibliographical information\">DOI<\/a><\/div>\n  <div class=\"csl-entry\">GR\u00c4FE-GEUSCH, A., BEST, F., KUSCHEL, I. (2025). Diskriminierung im Arbeitskontext. <i>WSI-Mitteilungen<\/i>, <i>78<\/i>(6), 443-451. <a href=\"https:\/\/doi.org\/10.5771\/0342-300x-2025-6-443\" title=\"Bibliographical information\">DOI<\/a><\/div>\n  <div class=\"csl-entry\">Seddig, M., Best, F., Steinhilper, E. (2025). Politicized Volunteers? Hybridity and Change in Refugee Support in Germany. <i>SOZIALE WELT-ZEITSCHRIFT FUR SOZIALWISSENSCHAFTLICHE FORSCHUNG UND PRAXIS<\/i>, <i>76<\/i>(1-2), 32-53. <a href=\"https:\/\/doi.org\/10.5771\/0038-6073-2025-1-2-32\" title=\"Bibliographical information\">DOI<\/a> <a href=\"https:\/\/www.webofscience.com\/api\/gateway?GWVersion=2&#038;SrcApp=fis-test-1&#038;SrcAuth=WosAPI&#038;KeyUT=WOS:001555353200002&#038;DestLinkType=FullRecord&#038;DestApp=WOS_CPL\" title=\"Bibliographical information\" >Author\/Publisher URL<\/a><\/div>\n  <div class=\"csl-entry\">Best, F., Huber, S. (2024). &#8220;Ich wei\u00df, was ich nicht wei\u00df&#8221; &#8211; Geschlechterunterschiede beim politischen Wissen. In B. Westle and M. Tausendpfung (eds.), <i>Politisches Wissen: Korrekte Kenntnisse, Fehlvorstellungen und Ignoranz<\/i>. Springer-Verlag.<\/div>\n  <div class=\"csl-entry\">Reinermann, H., Best, F., Huber, S., Welz, R. (2023). Gone, but not forgotten? The German federal election 2021 and the effect of an incumbent who did not run. <i>ELECTORAL STUDIES<\/i>, <i>86<\/i>. <a href=\"https:\/\/doi.org\/10.1016\/j.electstud.2023.102698\" title=\"Bibliographical information\">DOI<\/a> <a href=\"https:\/\/www.webofscience.com\/api\/gateway?GWVersion=2&#038;SrcApp=fis-test-1&#038;SrcAuth=WosAPI&#038;KeyUT=WOS:001094816900001&#038;DestLinkType=FullRecord&#038;DestApp=WOS_CPL\" title=\"Bibliographical information\" >Author\/Publisher URL<\/a><\/div>\n  <div class=\"csl-entry\">Ette, A., Weinmann, M., Straub, S., Best, F. (2021). Konsequenzen kultureller Diversit\u00e4t f\u00fcr die Arbeitsqualit\u00e4t in der \u00f6ffentlichen Verwaltung. In A. Ette, S. Straub, M. Weinmann, and N. F. Schneider (eds.), <i>Kulturelle Vielfalt der \u00f6ffentlichen Verwaltung Repr\u00e4sentation, Wahrnehmung und Konsequenzen von Diversit\u00e4t<\/i>. Verlag Barbara Budrich.<\/div>\n  <div class=\"csl-entry\">Ette, A., Weinmann, M., Straub, S., et al. (2021). Herausforderungen und Potenziale von Besch\u00e4ftigtenbefragungen in der \u00f6ffentlichen Verwaltung: Forschungsdesign des &#8220;Diversit\u00e4t und Chancengleichheit Survey 2019&#8221;. In A. Ette, S. Straub, M. Weinmann, and N. F. Schneider (eds.), <i>Kulturelle Vielfalt der \u00f6ffentlichen Verwaltung Repr\u00e4sentation, Wahrnehmung und Konsequenzen von Diversit\u00e4t<\/i>. Verlag Barbara Budrich.<\/div>\n<\/div>\t\n<\/div>\n\n<div style=\"height:90px\" aria-hidden=\"true\" class=\"wp-block-spacer\"><\/div>\n<jgu-base-heading react-props=\"{\n    &quot;tags&quot;: {\n        &quot;htmlTag&quot;: &quot;h2&quot;,\n        &quot;classTag&quot;: &quot;&quot;,\n        &quot;tag&quot;: &quot;h2&quot;\n    },\n    &quot;heading&quot;: &quot;Current courses&quot;,\n    &quot;textAlign&quot;: &quot;left&quot;,\n    &quot;anchor&quot;: &quot;&quot;,\n    &quot;index&quot;: &quot;&quot;,\n    &quot;color&quot;: &quot;red&quot;\n}\"><\/jgu-base-heading>\n\t<ol class=\"wp-block-list has-big-font-size\">\n\t\t\t\t\t<li>\n\t\t\t<a href=\"?event_id=390975213979239&amp;skip_groups=false\">\n\t\t\t\tSem Statistik I<\/a><br>\n\t\t\t\tInstructor: Fabio Best; Lion Robin Merten; Dr. Holger Reinermann; Robert Welz; Dr. Paula Hanna Windecker\t\t\t\t\t\t<\/li>\n\t\t<\/ol>\n\t<hr>\n<p>\n\tSoSe 2025\t<\/p>\n\n\n<div style=\"height:90px\" aria-hidden=\"true\" class=\"wp-block-spacer\"><\/div>\n<jgu-base-heading react-props=\"{\n    &quot;tags&quot;: {\n        &quot;htmlTag&quot;: &quot;h2&quot;,\n        &quot;classTag&quot;: &quot;&quot;,\n        &quot;tag&quot;: &quot;h2&quot;\n    },\n    &quot;heading&quot;: &quot;Selection of Previous Courses&quot;,\n    &quot;textAlign&quot;: &quot;left&quot;,\n    &quot;anchor&quot;: &quot;&quot;,\n    &quot;index&quot;: &quot;&quot;,\n    &quot;color&quot;: &quot;red&quot;\n}\"><\/jgu-base-heading>\n<jgu-base-alertbox react-props=\"{\n    &quot;headline&quot;: &quot;&quot;,\n    &quot;headlineColor&quot;: &quot;dark&quot;,\n    &quot;subline&quot;: &quot;&quot;,\n    &quot;children&quot;: &quot;&quot;,\n    &quot;icon&quot;: &quot;&quot;,\n    &quot;iconOverHeadline&quot;: false,\n    &quot;isPreview&quot;: false\n}\">\n    \n<jgu-base-listitem react-props=\"{\n    &quot;title&quot;: &quot;KG Statistics I&quot;,\n    &quot;uuid&quot;: &quot;1749720959086&quot;,\n    &quot;align&quot;: &quot;wide&quot;,\n    &quot;showInActions&quot;: false,\n    &quot;allowNesting&quot;: true,\n    &quot;icon&quot;: &quot;&quot;,\n    &quot;showExpandableContent&quot;: false,\n    &quot;expandableContent&quot;: &quot;&quot;,\n    &quot;link&quot;: {\n        &quot;url&quot;: &quot;&quot;\n    }\n}\">\n    \n<\/jgu-base-listitem>\n\n<jgu-base-listitem react-props=\"{\n    &quot;title&quot;: &quot;KG Statistics II &quot;,\n    &quot;uuid&quot;: &quot;1749720984503&quot;,\n    &quot;align&quot;: &quot;wide&quot;,\n    &quot;showInActions&quot;: false,\n    &quot;allowNesting&quot;: true,\n    &quot;icon&quot;: &quot;&quot;,\n    &quot;showExpandableContent&quot;: false,\n    &quot;expandableContent&quot;: &quot;&quot;,\n    &quot;link&quot;: {\n        &quot;url&quot;: &quot;&quot;\n    }\n}\">\n    \n<\/jgu-base-listitem>\n\n<jgu-base-listitem react-props=\"{\n    &quot;title&quot;: &quot;Basissem BRD &quot;,\n    &quot;uuid&quot;: &quot;1749720997866&quot;,\n    &quot;align&quot;: &quot;wide&quot;,\n    &quot;showInActions&quot;: false,\n    &quot;allowNesting&quot;: true,\n    &quot;icon&quot;: &quot;&quot;,\n    &quot;showExpandableContent&quot;: false,\n    &quot;expandableContent&quot;: &quot;&quot;,\n    &quot;link&quot;: {\n        &quot;url&quot;: &quot;&quot;\n    }\n}\">\n    \n<\/jgu-base-listitem>\n\n<jgu-base-listitem react-props=\"{\n    &quot;title&quot;: &quot;KG WissArb&quot;,\n    &quot;uuid&quot;: &quot;1749721014359&quot;,\n    &quot;align&quot;: &quot;wide&quot;,\n    &quot;showInActions&quot;: false,\n    &quot;allowNesting&quot;: true,\n    &quot;icon&quot;: &quot;&quot;,\n    &quot;showExpandableContent&quot;: false,\n    &quot;expandableContent&quot;: &quot;&quot;,\n    &quot;link&quot;: {\n        &quot;url&quot;: &quot;&quot;\n    }\n}\">\n    \n<\/jgu-base-listitem>\n\n<jgu-base-listitem react-props=\"{\n    &quot;title&quot;: &quot;Sem Subject-Spec. App.: Panel Regression with R&quot;,\n    &quot;uuid&quot;: &quot;1753992138114&quot;,\n    &quot;align&quot;: &quot;wide&quot;,\n    &quot;showInActions&quot;: false,\n    &quot;allowNesting&quot;: true,\n    &quot;icon&quot;: &quot;&quot;,\n    &quot;showExpandableContent&quot;: false,\n    &quot;expandableContent&quot;: &quot;&quot;,\n    &quot;link&quot;: {\n        &quot;url&quot;: &quot;&quot;\n    }\n}\">\n    \n<\/jgu-base-listitem>\n\n<\/jgu-base-alertbox>    <div style=\"display: none\">\n        \n    <\/div>","protected":false},"excerpt":{"rendered":"","protected":false},"author":16,"featured_media":0,"parent":11265,"menu_order":1,"comment_status":"closed","ping_status":"closed","template":"","meta":{"footnotes":""},"categories":[],"tags":[],"class_list":["post-11343","page","type-page","status-publish","hentry"],"content_raw":"<!-- wp:jgu\/pageheader {\"items\":[{\"box\":{\"index\":\"\",\"title\":\"Fabio Best, M.A.\",\"link\":{\"url\":\"\",\"title\":\"learn more\"}},\"color\":\"default\",\"image\":{\"url\":\"\"},\"imgCredit\":\"\",\"useVideo\":false,\"video\":false}],\"type\":\"border\",\"useBreadcrumb\":true} \/--><!-- wp:columns -->\n<div class=\"wp-block-columns\"><!-- wp:column -->\n<div class=\"wp-block-column\"><!-- wp:jgu\/idm-person {\"id\":\"3478\",\"link\":\"false\",\"organizationId\":618,\"roleId\":16} \/--><\/div>\n<!-- \/wp:column --><\/div>\n<!-- \/wp:columns --><!-- wp:jgu\/alertbox {\"headline\":\"Research Interests\"} -->\n<!-- wp:jgu\/list-item {\"title\":\"Voting Behavior and Political Attitudes\",\"uuid\":\"1749720959086\"} \/-->\n\n<!-- wp:jgu\/list-item {\"title\":\"Quantitative Methods \",\"uuid\":\"1749720984503\"} \/-->\n\n<!-- wp:jgu\/list-item {\"title\":\"Latin America (esp. Brazil) \",\"uuid\":\"1749720997866\"} \/-->\n\n<!-- wp:jgu\/list-item {\"title\":\"Cultural Diversity\",\"uuid\":\"1749721014359\"} \/-->\n<!-- \/wp:jgu\/alertbox --><!-- wp:jgu\/alertbox {\"headline\":\"Curriculum Vitae\"} -->\n<!-- wp:jgu\/list-item {\"title\":\"since 2019: Research Associate, Empirical Political Research Unit, Department of Political Science, Johannes Gutenberg University Mainz\",\"uuid\":\"1749720959086\"} \/-->\n\n<!-- wp:jgu\/list-item {\"title\":\"2017 \u2013 2019: Research Assistant, Federal Institute for Population Research, Wiesbaden\",\"uuid\":\"1749720984503\"} \/-->\n\n<!-- wp:jgu\/list-item {\"title\":\"2016 \u2013 2019: M.A. in Empirical Democracy Research, Johannes Gutenberg University Mainz\",\"uuid\":\"1749720997866\"} \/-->\n\n<!-- wp:jgu\/list-item {\"title\":\"2014 \u2013 2019: Research Assistant, Empirical Political Research Unit, Department of Political Science, Johannes Gutenberg University Mainz \",\"uuid\":\"1749721014359\"} \/-->\n\n<!-- wp:jgu\/list-item {\"title\":\"2012 \u2013 2016: B.A. in Political Science , Johannes Gutenberg University Mainz\",\"uuid\":\"1749721039216\"} \/-->\n\n<!-- wp:jgu\/list-item {\"title\":\"2011 Abitur at the Gymnasium zu St. Katharinen, Oppenheim\",\"uuid\":\"1749721050725\"} \/-->\n<!-- \/wp:jgu\/alertbox --><!-- wp:spacer -->\n<div style=\"height:90px\" aria-hidden=\"true\" class=\"wp-block-spacer\"><\/div>\n<!-- \/wp:spacer --><!-- wp:jgu\/heading {\"tags\":{\"htmlTag\":\"h2\",\"classTag\":\"\",\"tag\":\"h2\"},\"heading\":\"Publications\"} \/--><!-- wp:jgu\/fis {\"n\":\"10\",\"user\":\"fabest\"} \/--><!-- wp:spacer -->\n<div style=\"height:90px\" aria-hidden=\"true\" class=\"wp-block-spacer\"><\/div>\n<!-- \/wp:spacer --><!-- wp:jgu\/heading {\"tags\":{\"htmlTag\":\"h2\",\"classTag\":\"\",\"tag\":\"h2\"},\"heading\":\"Current courses\"} \/--><!-- wp:jgu\/jogustine {\"orgunit\":\"Politikwissenschaft\",\"semester\":\"SoSe 2025\",\"instructor\":\"Best, Fabio\"} \/--><!-- wp:spacer -->\n<div style=\"height:90px\" aria-hidden=\"true\" class=\"wp-block-spacer\"><\/div>\n<!-- \/wp:spacer --><!-- wp:jgu\/heading {\"tags\":{\"htmlTag\":\"h2\",\"classTag\":\"\",\"tag\":\"h2\"},\"heading\":\"Selection of Previous Courses\"} \/--><!-- wp:jgu\/alertbox -->\n<!-- wp:jgu\/list-item {\"title\":\"KG Statistics I\",\"uuid\":\"1749720959086\"} \/-->\n\n<!-- wp:jgu\/list-item {\"title\":\"KG Statistics II \",\"uuid\":\"1749720984503\"} \/-->\n\n<!-- wp:jgu\/list-item {\"title\":\"Basissem BRD \",\"uuid\":\"1749720997866\"} \/-->\n\n<!-- wp:jgu\/list-item {\"title\":\"KG WissArb\",\"uuid\":\"1749721014359\"} \/-->\n\n<!-- wp:jgu\/list-item {\"title\":\"Sem Subject-Spec. App.: Panel Regression with R\",\"uuid\":\"1753992138114\"} \/-->\n<!-- \/wp:jgu\/alertbox -->","_links":{"self":[{"href":"https:\/\/methoden.politik.uni-mainz.de\/en\/wp-json\/wp\/v2\/pages\/11343","targetHints":{"allow":["GET"]}}],"collection":[{"href":"https:\/\/methoden.politik.uni-mainz.de\/en\/wp-json\/wp\/v2\/pages"}],"about":[{"href":"https:\/\/methoden.politik.uni-mainz.de\/en\/wp-json\/wp\/v2\/types\/page"}],"author":[{"embeddable":true,"href":"https:\/\/methoden.politik.uni-mainz.de\/en\/wp-json\/wp\/v2\/users\/16"}],"replies":[{"embeddable":true,"href":"https:\/\/methoden.politik.uni-mainz.de\/en\/wp-json\/wp\/v2\/comments?post=11343"}],"version-history":[{"count":3,"href":"https:\/\/methoden.politik.uni-mainz.de\/en\/wp-json\/wp\/v2\/pages\/11343\/revisions"}],"predecessor-version":[{"id":11443,"href":"https:\/\/methoden.politik.uni-mainz.de\/en\/wp-json\/wp\/v2\/pages\/11343\/revisions\/11443"}],"up":[{"embeddable":true,"href":"https:\/\/methoden.politik.uni-mainz.de\/en\/wp-json\/wp\/v2\/pages\/11265"}],"wp:attachment":[{"href":"https:\/\/methoden.politik.uni-mainz.de\/en\/wp-json\/wp\/v2\/media?parent=11343"}],"wp:term":[{"taxonomy":"category","embeddable":true,"href":"https:\/\/methoden.politik.uni-mainz.de\/en\/wp-json\/wp\/v2\/categories?post=11343"},{"taxonomy":"post_tag","embeddable":true,"href":"https:\/\/methoden.politik.uni-mainz.de\/en\/wp-json\/wp\/v2\/tags?post=11343"}],"curies":[{"name":"wp","href":"https:\/\/api.w.org\/{rel}","templated":true}]}}